{"id":422,"date":"2019-01-17T11:14:23","date_gmt":"2019-01-17T11:14:23","guid":{"rendered":"https:\/\/democontent.codex-themes.com\/sites-elementor\/agency-digital\/about-us-copy\/"},"modified":"2024-11-28T11:11:24","modified_gmt":"2024-11-28T11:11:24","slug":"kontakt","status":"publish","type":"page","link":"https:\/\/pocoapocoagency.com\/hr\/kontakt\/","title":{"rendered":"Kontakt"},"content":{"rendered":"","protected":false},"excerpt":{"rendered":"","protected":false},"author":1,"featured_media":0,"parent":0,"menu_order":0,"comment_status":"closed","ping_status":"closed","template":"page-fullwidth.php","meta":{"footnotes":""},"class_list":["post-422","page","type-page","status-publish"],"yoast_head":"<!-- This site is optimized with the Yoast SEO Premium plugin v23.8 (Yoast SEO v26.0) - https:\/\/yoast.com\/wordpress\/plugins\/seo\/ -->\n<title>Kontakt - pocoApoco<\/title>\n<meta name=\"description\" content=\"Saznajte kako mo\u017eete privu\u0107i nove klijente i posti\u0107i bolju vidljivost. Javite nam se za bespatne konzulatcije ili sastanak.\" \/>\n<meta name=\"robots\" content=\"index, follow, max-snippet:-1, max-image-preview:large, max-video-preview:-1\" \/>\n<link rel=\"canonical\" href=\"https:\/\/pocoapocoagency.com\/hr\/kontakt\/\" \/>\n<meta property=\"og:locale\" content=\"hr_HR\" \/>\n<meta property=\"og:type\" content=\"article\" \/>\n<meta property=\"og:title\" content=\"Kontakt\" \/>\n<meta property=\"og:description\" content=\"Saznajte kako mo\u017eete privu\u0107i nove klijente i posti\u0107i bolju vidljivost. Javite nam se za bespatne konzulatcije ili sastanak.\" \/>\n<meta property=\"og:url\" content=\"https:\/\/pocoapocoagency.com\/hr\/kontakt\/\" \/>\n<meta property=\"og:site_name\" content=\"pocoApoco\" \/>\n<meta property=\"article:modified_time\" content=\"2024-11-28T11:11:24+00:00\" \/>\n<meta name=\"twitter:card\" content=\"summary_large_image\" \/>\n<script type=\"application\/ld+json\" class=\"yoast-schema-graph\">{\"@context\":\"https:\/\/schema.org\",\"@graph\":[{\"@type\":\"WebPage\",\"@id\":\"https:\/\/pocoapocoagency.com\/kontakt\/\",\"url\":\"https:\/\/pocoapocoagency.com\/kontakt\/\",\"name\":\"Kontakt - pocoApoco\",\"isPartOf\":{\"@id\":\"https:\/\/pocoapocoagency.com\/#website\"},\"datePublished\":\"2019-01-17T11:14:23+00:00\",\"dateModified\":\"2024-11-28T11:11:24+00:00\",\"description\":\"Saznajte kako mo\u017eete privu\u0107i nove klijente i posti\u0107i bolju vidljivost. Javite nam se za bespatne konzulatcije ili sastanak.\",\"breadcrumb\":{\"@id\":\"https:\/\/pocoapocoagency.com\/kontakt\/#breadcrumb\"},\"inLanguage\":\"hr\",\"potentialAction\":[{\"@type\":\"ReadAction\",\"target\":[\"https:\/\/pocoapocoagency.com\/kontakt\/\"]}]},{\"@type\":\"BreadcrumbList\",\"@id\":\"https:\/\/pocoapocoagency.com\/kontakt\/#breadcrumb\",\"itemListElement\":[{\"@type\":\"ListItem\",\"position\":1,\"name\":\"Home\",\"item\":\"https:\/\/pocoapocoagency.com\/hr\/\"},{\"@type\":\"ListItem\",\"position\":2,\"name\":\"Kontakt\"}]},{\"@type\":\"WebSite\",\"@id\":\"https:\/\/pocoapocoagency.com\/#website\",\"url\":\"https:\/\/pocoapocoagency.com\/\",\"name\":\"pocoApoco\",\"description\":\"crm automatizacije\",\"publisher\":{\"@id\":\"https:\/\/pocoapocoagency.com\/#organization\"},\"potentialAction\":[{\"@type\":\"SearchAction\",\"target\":{\"@type\":\"EntryPoint\",\"urlTemplate\":\"https:\/\/pocoapocoagency.com\/?s={search_term_string}\"},\"query-input\":{\"@type\":\"PropertyValueSpecification\",\"valueRequired\":true,\"valueName\":\"search_term_string\"}}],\"inLanguage\":\"hr\"},{\"@type\":\"Organization\",\"@id\":\"https:\/\/pocoapocoagency.com\/#organization\",\"name\":\"pocoApoco\",\"url\":\"https:\/\/pocoapocoagency.com\/\",\"logo\":{\"@type\":\"ImageObject\",\"inLanguage\":\"hr\",\"@id\":\"https:\/\/pocoapocoagency.com\/#\/schema\/logo\/image\/\",\"url\":\"https:\/\/pocoapocoagency.com\/wp-content\/uploads\/2024\/06\/Logotip-pocoApoco-580-x-500-piks.-12.svg\",\"contentUrl\":\"https:\/\/pocoapocoagency.com\/wp-content\/uploads\/2024\/06\/Logotip-pocoApoco-580-x-500-piks.-12.svg\",\"width\":580,\"height\":500,\"caption\":\"pocoApoco\"},\"image\":{\"@id\":\"https:\/\/pocoapocoagency.com\/#\/schema\/logo\/image\/\"}}]}<\/script>\n<!-- \/ Yoast SEO Premium plugin. -->","yoast_head_json":{"title":"Kontakt - pocoApoco","description":"Saznajte kako mo\u017eete privu\u0107i nove klijente i posti\u0107i bolju vidljivost. Javite nam se za bespatne konzulatcije ili sastanak.","robots":{"index":"index","follow":"follow","max-snippet":"max-snippet:-1","max-image-preview":"max-image-preview:large","max-video-preview":"max-video-preview:-1"},"canonical":"https:\/\/pocoapocoagency.com\/hr\/kontakt\/","og_locale":"hr_HR","og_type":"article","og_title":"Kontakt","og_description":"Saznajte kako mo\u017eete privu\u0107i nove klijente i posti\u0107i bolju vidljivost. Javite nam se za bespatne konzulatcije ili sastanak.","og_url":"https:\/\/pocoapocoagency.com\/hr\/kontakt\/","og_site_name":"pocoApoco","article_modified_time":"2024-11-28T11:11:24+00:00","twitter_card":"summary_large_image","schema":{"@context":"https:\/\/schema.org","@graph":[{"@type":"WebPage","@id":"https:\/\/pocoapocoagency.com\/kontakt\/","url":"https:\/\/pocoapocoagency.com\/kontakt\/","name":"Kontakt - pocoApoco","isPartOf":{"@id":"https:\/\/pocoapocoagency.com\/#website"},"datePublished":"2019-01-17T11:14:23+00:00","dateModified":"2024-11-28T11:11:24+00:00","description":"Saznajte kako mo\u017eete privu\u0107i nove klijente i posti\u0107i bolju vidljivost. Javite nam se za bespatne konzulatcije ili sastanak.","breadcrumb":{"@id":"https:\/\/pocoapocoagency.com\/kontakt\/#breadcrumb"},"inLanguage":"hr","potentialAction":[{"@type":"ReadAction","target":["https:\/\/pocoapocoagency.com\/kontakt\/"]}]},{"@type":"BreadcrumbList","@id":"https:\/\/pocoapocoagency.com\/kontakt\/#breadcrumb","itemListElement":[{"@type":"ListItem","position":1,"name":"Home","item":"https:\/\/pocoapocoagency.com\/hr\/"},{"@type":"ListItem","position":2,"name":"Kontakt"}]},{"@type":"WebSite","@id":"https:\/\/pocoapocoagency.com\/#website","url":"https:\/\/pocoapocoagency.com\/","name":"pocoApoco","description":"crm automatizacije","publisher":{"@id":"https:\/\/pocoapocoagency.com\/#organization"},"potentialAction":[{"@type":"SearchAction","target":{"@type":"EntryPoint","urlTemplate":"https:\/\/pocoapocoagency.com\/?s={search_term_string}"},"query-input":{"@type":"PropertyValueSpecification","valueRequired":true,"valueName":"search_term_string"}}],"inLanguage":"hr"},{"@type":"Organization","@id":"https:\/\/pocoapocoagency.com\/#organization","name":"pocoApoco","url":"https:\/\/pocoapocoagency.com\/","logo":{"@type":"ImageObject","inLanguage":"hr","@id":"https:\/\/pocoapocoagency.com\/#\/schema\/logo\/image\/","url":"https:\/\/pocoapocoagency.com\/wp-content\/uploads\/2024\/06\/Logotip-pocoApoco-580-x-500-piks.-12.svg","contentUrl":"https:\/\/pocoapocoagency.com\/wp-content\/uploads\/2024\/06\/Logotip-pocoApoco-580-x-500-piks.-12.svg","width":580,"height":500,"caption":"pocoApoco"},"image":{"@id":"https:\/\/pocoapocoagency.com\/#\/schema\/logo\/image\/"}}]}},"_links":{"self":[{"href":"https:\/\/pocoapocoagency.com\/hr\/wp-json\/wp\/v2\/pages\/422","targetHints":{"allow":["GET"]}}],"collection":[{"href":"https:\/\/pocoapocoagency.com\/hr\/wp-json\/wp\/v2\/pages"}],"about":[{"href":"https:\/\/pocoapocoagency.com\/hr\/wp-json\/wp\/v2\/types\/page"}],"author":[{"embeddable":true,"href":"https:\/\/pocoapocoagency.com\/hr\/wp-json\/wp\/v2\/users\/1"}],"replies":[{"embeddable":true,"href":"https:\/\/pocoapocoagency.com\/hr\/wp-json\/wp\/v2\/comments?post=422"}],"version-history":[{"count":26,"href":"https:\/\/pocoapocoagency.com\/hr\/wp-json\/wp\/v2\/pages\/422\/revisions"}],"predecessor-version":[{"id":3566,"href":"https:\/\/pocoapocoagency.com\/hr\/wp-json\/wp\/v2\/pages\/422\/revisions\/3566"}],"wp:attachment":[{"href":"https:\/\/pocoapocoagency.com\/hr\/wp-json\/wp\/v2\/media?parent=422"}],"curies":[{"name":"wp","href":"https:\/\/api.w.org\/{rel}","templated":true}]}}