{"id":3101,"date":"2024-06-19T13:42:02","date_gmt":"2024-06-19T13:42:02","guid":{"rendered":"https:\/\/pocoapocoagency.com\/?page_id=3101"},"modified":"2024-09-17T18:14:32","modified_gmt":"2024-09-17T18:14:32","slug":"impressum","status":"publish","type":"page","link":"https:\/\/pocoapocoagency.com\/hr\/impressum\/","title":{"rendered":"Podaci o tvrtki"},"content":{"rendered":"\n<h2 class=\"wp-block-heading has-large-font-size\" id=\"h-podaci-o-tvrtki\"><strong>Podaci o tvrtki <\/strong><\/h2>\n\n\n\n<h4 class=\"wp-block-heading\" id=\"h-podaci-u-skladu-s-5-tmg-njemacka-25-zakona-o-medijima-austrija-i-14-ugb-austrija\"><strong>Podaci u skladu s \u00a7 5 TMG (Njema\u010dka), \u00a7 25 Zakona o medijima (Austrija) i \u00a7 14 UGB (Austrija)<\/strong><\/h4>\n\n\n\n<p><strong>Tvrtka:<\/strong><br>pocoApoco j.d.o.o.<br><strong>Direktor:<\/strong><br>Dario Vu\u010dkovi\u0107<br><strong>Adresa:<\/strong><br>Medvedni\u010dka ulica 31<br>31431 \u010cepin, Hrvatska<\/p>\n\n\n\n<p><strong>Kontakt:<\/strong><br>Telefon: +385 (0)123 456789<br>E-mail: <a>office@pocoapocoagency.com<\/a><br>Web stranica: <a href=\"https:\/\/pocoapocoagency.com\">https:\/\/pocoapocoagency.com<\/a><\/p>\n\n\n\n<p><strong>Upis u sudski registar pocoapoco j.d.o.o:<\/strong><br>Upis u Trgova\u010dkom sudu u Osijeku<br>Broj registra: 5942268<\/p>\n\n\n\n<p><strong>PDV identifikacijski broj:<\/strong><br>PDV identifikacijski broj u skladu s \u00a7 27 a Zakona o porezu na dodanu vrijednost (Njema\u010dka) i \u00a7 14 UStG (Austrija):<br>HR 12850411713<\/p>\n\n\n\n<p><strong>Odgovorna osoba za sadr\u017eaj prema \u00a7 55 Abs. 2 RStV (Njema\u010dka) i \u00a7 25 Zakona o medijima (Austrija):<\/strong><br>Dario Vu\u010dkovi\u0107<br>Medvedni\u010dka ulica 31,<br>31431 \u010cepin, Hrvatska<\/p>\n\n\n\n<p><strong>Rje\u0161avanje sporova:<\/strong><br>Europska komisija pru\u017ea platformu za online rje\u0161avanje sporova (OS): <a href=\"https:\/\/ec.europa.eu\/consumers\/odr\">https:\/\/ec.europa.eu\/consumers\/odr<\/a><br>Na\u0161u e-mail adresu mo\u017eete prona\u0107i u gornjem dijelu Impressuma.<\/p>\n\n\n\n<p>Nismo spremni niti obvezni sudjelovati u postupku rje\u0161avanja sporova pred tijelom za rje\u0161avanje potro\u0161a\u010dkih sporova.<\/p>\n\n\n\n<p><strong>Odricanje od odgovornosti (Disclaimer)<\/strong><\/p>\n\n\n\n<p><strong>Odgovornost za sadr\u017eaj:<\/strong><br>Kao pru\u017eatelji usluga odgovorni smo za vlastite sadr\u017eaje na ovim stranicama prema op\u0107im zakonima u skladu s \u00a7 7 Abs.1 TMG (Njema\u010dka) i \u00a7 17 ECG (Austrija). Me\u0111utim, prema \u00a7\u00a7 8 do 10 TMG (Njema\u010dka) i \u00a7\u00a7 18 do 20 ECG (Austrija), nismo du\u017eni nadzirati poslane ili pohranjene informacije tre\u0107ih strana niti istra\u017eivati okolnosti koje ukazuju na nezakonitu aktivnost.<\/p>\n\n\n\n<p>Obveze uklanjanja ili blokiranja kori\u0161tenja informacija prema op\u0107im zakonima ostaju nepromijenjene. Odgovornost u tom smislu mogu\u0107a je tek od trenutka saznanja o konkretnoj povredi zakona. U slu\u010daju saznanja za takve povrede, odmah \u0107emo ukloniti te sadr\u017eaje.<\/p>\n\n\n\n<p><strong>Odgovornost za poveznice:<\/strong><br>Na\u0161a ponuda sadr\u017ei poveznice na vanjske web stranice tre\u0107ih strana na \u010diji sadr\u017eaj nemamo utjecaj. Stoga ne mo\u017eemo preuzeti odgovornost za te vanjske sadr\u017eaje. Za sadr\u017eaj povezanih stranica uvijek je odgovoran odgovaraju\u0107i pru\u017eatelj usluga ili operater stranice. Povezane stranice provjerene su u trenutku postavljanja poveznice na mogu\u0107e povrede zakona. Nezakoniti sadr\u017eaji nisu bili prepoznatljivi u trenutku postavljanja poveznica.<\/p>\n\n\n\n<p>Stalna kontrola sadr\u017eaja povezanih stranica nije opravdana bez konkretnih naznaka o povredi zakona. U slu\u010daju saznanja za povrede zakona, takve \u0107emo poveznice odmah ukloniti.<\/p>\n\n\n\n<p><strong>Autorska prava:<\/strong><br>Sadr\u017eaji i djela koja su na ovim stranicama kreirali operateri stranica podlije\u017eu njema\u010dkom Zakonu o autorskim pravima (UrhG) i austrijskom Zakonu o autorskim pravima (UrhG). Reprodukcija, obrada, distribucija i bilo koja druga vrsta iskori\u0161tavanja izvan granica autorskih prava zahtijevaju pisanu suglasnost autora ili kreatora. Preuzimanje i kopiranje ovih stranica dopu\u0161teno je samo za privatnu, nekomercijalnu upotrebu.<\/p>\n\n\n\n<p>U mjeri u kojoj sadr\u017eaj na ovoj stranici nije kreirao operater, po\u0161tuju se autorska prava tre\u0107ih strana. Konkretni sadr\u017eaji tre\u0107ih strana su posebno ozna\u010deni. Ako ipak primijetite povredu autorskih prava, molimo vas da nas obavijestite. U slu\u010daju saznanja za povrede zakona, odmah \u0107emo ukloniti takav sadr\u017eaj.<\/p>\n\n\n\n<p><\/p>\n\n\n\n<p>Za Pravila privatnosti i za\u0161titu podataka posjetite: https:\/\/pocoapocoagency.com\/datenschutzerklaerung\/<\/p>\n\n\n\n<p><\/p>\n","protected":false},"excerpt":{"rendered":"<p>Podaci o tvrtki Podaci u skladu s \u00a7 5 TMG (Njema\u010dka), \u00a7 25 Zakona o medijima (Austrija) i \u00a7 14&#8230;<\/p>\n","protected":false},"author":1,"featured_media":0,"parent":0,"menu_order":0,"comment_status":"closed","ping_status":"closed","template":"","meta":{"footnotes":""},"class_list":["post-3101","page","type-page","status-publish"],"yoast_head":"<!-- This site is optimized with the Yoast SEO Premium plugin v23.8 (Yoast SEO v26.0) - https:\/\/yoast.com\/wordpress\/plugins\/seo\/ -->\n<title>Podaci o tvrtki - pocoApoco<\/title>\n<meta name=\"description\" content=\"Podaci u skladu s \u00a7 5 TMG (Njema\u010dka), \u00a7 25 Zakona o medijima (Austrija) i \u00a7 14 UGB (Austrija).\" \/>\n<meta name=\"robots\" content=\"index, follow, max-snippet:-1, max-image-preview:large, max-video-preview:-1\" \/>\n<link rel=\"canonical\" href=\"https:\/\/pocoapocoagency.com\/hr\/impressum\/\" \/>\n<meta property=\"og:locale\" content=\"hr_HR\" \/>\n<meta property=\"og:type\" content=\"article\" \/>\n<meta property=\"og:title\" content=\"Podaci o tvrtki\" \/>\n<meta property=\"og:description\" content=\"Podaci u skladu s \u00a7 5 TMG (Njema\u010dka), \u00a7 25 Zakona o medijima (Austrija) i \u00a7 14 UGB (Austrija).\" \/>\n<meta property=\"og:url\" content=\"https:\/\/pocoapocoagency.com\/hr\/impressum\/\" \/>\n<meta property=\"og:site_name\" content=\"pocoApoco\" \/>\n<meta property=\"article:modified_time\" content=\"2024-09-17T18:14:32+00:00\" \/>\n<meta name=\"twitter:card\" content=\"summary_large_image\" \/>\n<meta name=\"twitter:label1\" content=\"Procijenjeno vrijeme \u010ditanja\" \/>\n\t<meta name=\"twitter:data1\" content=\"3 minute\" \/>\n<script type=\"application\/ld+json\" class=\"yoast-schema-graph\">{\"@context\":\"https:\/\/schema.org\",\"@graph\":[{\"@type\":\"WebPage\",\"@id\":\"https:\/\/pocoapocoagency.com\/impressum\/\",\"url\":\"https:\/\/pocoapocoagency.com\/impressum\/\",\"name\":\"Podaci o tvrtki - pocoApoco\",\"isPartOf\":{\"@id\":\"https:\/\/pocoapocoagency.com\/#website\"},\"datePublished\":\"2024-06-19T13:42:02+00:00\",\"dateModified\":\"2024-09-17T18:14:32+00:00\",\"description\":\"Podaci u skladu s \u00a7 5 TMG (Njema\u010dka), \u00a7 25 Zakona o medijima (Austrija) i \u00a7 14 UGB (Austrija).\",\"breadcrumb\":{\"@id\":\"https:\/\/pocoapocoagency.com\/impressum\/#breadcrumb\"},\"inLanguage\":\"hr\",\"potentialAction\":[{\"@type\":\"ReadAction\",\"target\":[\"https:\/\/pocoapocoagency.com\/impressum\/\"]}]},{\"@type\":\"BreadcrumbList\",\"@id\":\"https:\/\/pocoapocoagency.com\/impressum\/#breadcrumb\",\"itemListElement\":[{\"@type\":\"ListItem\",\"position\":1,\"name\":\"Home\",\"item\":\"https:\/\/pocoapocoagency.com\/hr\/\"},{\"@type\":\"ListItem\",\"position\":2,\"name\":\"Podaci o tvrtki\"}]},{\"@type\":\"WebSite\",\"@id\":\"https:\/\/pocoapocoagency.com\/#website\",\"url\":\"https:\/\/pocoapocoagency.com\/\",\"name\":\"pocoApoco\",\"description\":\"crm automatizacije\",\"publisher\":{\"@id\":\"https:\/\/pocoapocoagency.com\/#organization\"},\"potentialAction\":[{\"@type\":\"SearchAction\",\"target\":{\"@type\":\"EntryPoint\",\"urlTemplate\":\"https:\/\/pocoapocoagency.com\/?s={search_term_string}\"},\"query-input\":{\"@type\":\"PropertyValueSpecification\",\"valueRequired\":true,\"valueName\":\"search_term_string\"}}],\"inLanguage\":\"hr\"},{\"@type\":\"Organization\",\"@id\":\"https:\/\/pocoapocoagency.com\/#organization\",\"name\":\"pocoApoco\",\"url\":\"https:\/\/pocoapocoagency.com\/\",\"logo\":{\"@type\":\"ImageObject\",\"inLanguage\":\"hr\",\"@id\":\"https:\/\/pocoapocoagency.com\/#\/schema\/logo\/image\/\",\"url\":\"https:\/\/pocoapocoagency.com\/wp-content\/uploads\/2024\/06\/Logotip-pocoApoco-580-x-500-piks.-12.svg\",\"contentUrl\":\"https:\/\/pocoapocoagency.com\/wp-content\/uploads\/2024\/06\/Logotip-pocoApoco-580-x-500-piks.-12.svg\",\"width\":580,\"height\":500,\"caption\":\"pocoApoco\"},\"image\":{\"@id\":\"https:\/\/pocoapocoagency.com\/#\/schema\/logo\/image\/\"}}]}<\/script>\n<!-- \/ Yoast SEO Premium plugin. -->","yoast_head_json":{"title":"Podaci o tvrtki - pocoApoco","description":"Podaci u skladu s \u00a7 5 TMG (Njema\u010dka), \u00a7 25 Zakona o medijima (Austrija) i \u00a7 14 UGB (Austrija).","robots":{"index":"index","follow":"follow","max-snippet":"max-snippet:-1","max-image-preview":"max-image-preview:large","max-video-preview":"max-video-preview:-1"},"canonical":"https:\/\/pocoapocoagency.com\/hr\/impressum\/","og_locale":"hr_HR","og_type":"article","og_title":"Podaci o tvrtki","og_description":"Podaci u skladu s \u00a7 5 TMG (Njema\u010dka), \u00a7 25 Zakona o medijima (Austrija) i \u00a7 14 UGB (Austrija).","og_url":"https:\/\/pocoapocoagency.com\/hr\/impressum\/","og_site_name":"pocoApoco","article_modified_time":"2024-09-17T18:14:32+00:00","twitter_card":"summary_large_image","twitter_misc":{"Procijenjeno vrijeme \u010ditanja":"3 minute"},"schema":{"@context":"https:\/\/schema.org","@graph":[{"@type":"WebPage","@id":"https:\/\/pocoapocoagency.com\/impressum\/","url":"https:\/\/pocoapocoagency.com\/impressum\/","name":"Podaci o tvrtki - pocoApoco","isPartOf":{"@id":"https:\/\/pocoapocoagency.com\/#website"},"datePublished":"2024-06-19T13:42:02+00:00","dateModified":"2024-09-17T18:14:32+00:00","description":"Podaci u skladu s \u00a7 5 TMG (Njema\u010dka), \u00a7 25 Zakona o medijima (Austrija) i \u00a7 14 UGB (Austrija).","breadcrumb":{"@id":"https:\/\/pocoapocoagency.com\/impressum\/#breadcrumb"},"inLanguage":"hr","potentialAction":[{"@type":"ReadAction","target":["https:\/\/pocoapocoagency.com\/impressum\/"]}]},{"@type":"BreadcrumbList","@id":"https:\/\/pocoapocoagency.com\/impressum\/#breadcrumb","itemListElement":[{"@type":"ListItem","position":1,"name":"Home","item":"https:\/\/pocoapocoagency.com\/hr\/"},{"@type":"ListItem","position":2,"name":"Podaci o tvrtki"}]},{"@type":"WebSite","@id":"https:\/\/pocoapocoagency.com\/#website","url":"https:\/\/pocoapocoagency.com\/","name":"pocoApoco","description":"crm automatizacije","publisher":{"@id":"https:\/\/pocoapocoagency.com\/#organization"},"potentialAction":[{"@type":"SearchAction","target":{"@type":"EntryPoint","urlTemplate":"https:\/\/pocoapocoagency.com\/?s={search_term_string}"},"query-input":{"@type":"PropertyValueSpecification","valueRequired":true,"valueName":"search_term_string"}}],"inLanguage":"hr"},{"@type":"Organization","@id":"https:\/\/pocoapocoagency.com\/#organization","name":"pocoApoco","url":"https:\/\/pocoapocoagency.com\/","logo":{"@type":"ImageObject","inLanguage":"hr","@id":"https:\/\/pocoapocoagency.com\/#\/schema\/logo\/image\/","url":"https:\/\/pocoapocoagency.com\/wp-content\/uploads\/2024\/06\/Logotip-pocoApoco-580-x-500-piks.-12.svg","contentUrl":"https:\/\/pocoapocoagency.com\/wp-content\/uploads\/2024\/06\/Logotip-pocoApoco-580-x-500-piks.-12.svg","width":580,"height":500,"caption":"pocoApoco"},"image":{"@id":"https:\/\/pocoapocoagency.com\/#\/schema\/logo\/image\/"}}]}},"_links":{"self":[{"href":"https:\/\/pocoapocoagency.com\/hr\/wp-json\/wp\/v2\/pages\/3101","targetHints":{"allow":["GET"]}}],"collection":[{"href":"https:\/\/pocoapocoagency.com\/hr\/wp-json\/wp\/v2\/pages"}],"about":[{"href":"https:\/\/pocoapocoagency.com\/hr\/wp-json\/wp\/v2\/types\/page"}],"author":[{"embeddable":true,"href":"https:\/\/pocoapocoagency.com\/hr\/wp-json\/wp\/v2\/users\/1"}],"replies":[{"embeddable":true,"href":"https:\/\/pocoapocoagency.com\/hr\/wp-json\/wp\/v2\/comments?post=3101"}],"version-history":[{"count":5,"href":"https:\/\/pocoapocoagency.com\/hr\/wp-json\/wp\/v2\/pages\/3101\/revisions"}],"predecessor-version":[{"id":3670,"href":"https:\/\/pocoapocoagency.com\/hr\/wp-json\/wp\/v2\/pages\/3101\/revisions\/3670"}],"wp:attachment":[{"href":"https:\/\/pocoapocoagency.com\/hr\/wp-json\/wp\/v2\/media?parent=3101"}],"curies":[{"name":"wp","href":"https:\/\/api.w.org\/{rel}","templated":true}]}}